{"id":3209,"date":"2025-05-27T10:03:57","date_gmt":"2025-05-27T10:03:57","guid":{"rendered":"https:\/\/fundaciograduatssocials.com\/avis-legal\/"},"modified":"2025-06-04T01:33:01","modified_gmt":"2025-06-04T01:33:01","slug":"avis-legal","status":"publish","type":"page","link":"https:\/\/fundaciograduatssocials.com\/ca\/avis-legal\/","title":{"rendered":"Av\u00eds Legal"},"content":{"rendered":"\t\t<div data-elementor-type=\"wp-page\" data-elementor-id=\"3209\" class=\"elementor elementor-3209 elementor-25\" data-elementor-post-type=\"page\">\n\t\t\t\t<div class=\"elementor-element elementor-element-5cd67bb e-flex e-con-boxed e-con e-parent\" data-id=\"5cd67bb\" data-element_type=\"container\" data-settings=\"{&quot;background_background&quot;:&quot;classic&quot;}\">\n\t\t\t\t\t<div class=\"e-con-inner\">\n\t\t\t\t\t<\/div>\n\t\t\t\t<\/div>\n\t\t<div class=\"elementor-element elementor-element-50c35d6 e-flex e-con-boxed e-con e-parent\" data-id=\"50c35d6\" data-element_type=\"container\">\n\t\t\t\t\t<div class=\"e-con-inner\">\n\t\t\t\t<div class=\"elementor-element elementor-element-b72fb1d elementor-widget elementor-widget-heading\" data-id=\"b72fb1d\" data-element_type=\"widget\" data-widget_type=\"heading.default\">\n\t\t\t\t<div class=\"elementor-widget-container\">\n\t\t\t\t\t<h2 class=\"elementor-heading-title elementor-size-default\">Av\u00eds Legal i Pol\u00edtica de Privacitat<\/h2>\t\t\t\t<\/div>\n\t\t\t\t<\/div>\n\t\t\t\t\t<\/div>\n\t\t\t\t<\/div>\n\t\t<div class=\"elementor-element elementor-element-3b90cd0 e-flex e-con-boxed e-con e-parent\" data-id=\"3b90cd0\" data-element_type=\"container\">\n\t\t\t\t\t<div class=\"e-con-inner\">\n\t\t\t\t<div class=\"elementor-element elementor-element-9d32133 elementor-widget elementor-widget-text-editor\" data-id=\"9d32133\" data-element_type=\"widget\" data-widget_type=\"text-editor.default\">\n\t\t\t\t<div class=\"elementor-widget-container\">\n\t\t\t\t\t\t\t\t\t<p><strong class=\"titulo\">1. DADES IDENTIFICATIVES<\/strong><br \/>En cumplimiento con el deber de informaci\u00f3n recogido en art\u00edculo 10 de la Ley 34\/2002, de 11 de julio, de Servicios de la Sociedad de la Informaci\u00f3n y del Comercio Electr\u00f3nico, a continuaci\u00f3n se reflejan los En compliment amb el deure d&#8217;informaci\u00f3 recollit en article 10 de la Llei 34\/2002, de 11 de juliol, de Serveis de la Societat de la Informaci\u00f3 i del Comer\u00e7 Electr\u00f2nic, a continuaci\u00f3 es faciliten les seg\u00fcents dades:<br \/>El titular del domini web \u00e9s FUNDACI\u00d3 DE GRADUATS SOCIALS DE LES ILLES BALEARS, amb domicili a aquests efectes en carrer Parellades, 12 A baixos i n\u00famero de C.I.F .: G57898074, sent titular d&#8217;una FUNDACI\u00d3 SENSE \u00c0NIM DE LUCRE. Correu electr\u00f2nic de contacte del lloc web:\u00a0<a class=\"email-antispam\" href=\"mailto:info@fundaciograduatssocials.es\" data-name=\"info\" data-domain=\"fundaciograduatssocials.es\">info@fundaciograduatssocials.es<\/a><\/p>\n<p><strong class=\"titulo\">2. USUARIS<\/strong><br \/>L&#8217;acc\u00e9s i\/o \u00fas d&#8217;aquest portal de FUNDACI\u00d3 DE GRADUATS SOCIALS DE LES ILLES BALEARS atribueix la condici\u00f3 d&#8217;USUARI, que accepta, des d&#8217;aquest acc\u00e9s i\/o \u00fas, les Condicions Generals d&#8217;\u00das aqu\u00ed reflectides. Les esmentades Condicions seran d&#8217;aplicaci\u00f3 independentment de les Condicions Generals de Contractaci\u00f3 que si escau resultin d&#8217;obligat compliment.<\/p>\n<p><strong class=\"titulo\">3. \u00daS DEL PORTAL<\/strong><br \/><a href=\"http:\/\/www.fundaciograduatssocials.es\/\" target=\"_blank\" rel=\"noopener\">www.fundaciograduatssocials.es<\/a>\u00a0proporciona l&#8217;acc\u00e9s a multitud d&#8217;informacions, serveis, programes o dades (d&#8217;ara endavant, &#8220;els continguts&#8221;) a Internet pertanyents a FUNDACI\u00d3 DE GRADUATS SOCIALS DE LES ILLES BALEARS o als seus llicenciants als quals l&#8217;USUARI pugui tenir acc\u00e9s. L&#8217;USUARI assumeix la responsabilitat de l&#8217;\u00fas del portal.<\/p>\n<p><strong class=\"titulo\">4. PROTECCI\u00d3N DE DATOS<\/strong><br \/><strong class=\"subtitulo\">4.1. Pol\u00edtica de privacitat<\/strong><br \/>FUNDACI\u00d3 DE GRADUATS SOCIALS DE LES ILLES BALEARS informa als usuaris del lloc web sobre la seva pol\u00edtica respecte del tractament i protecci\u00f3 de les dades de car\u00e0cter personal dels usuaris i clients que puguin ser recollides per la navegaci\u00f3 o contractaci\u00f3 de serveis a trav\u00e9s del seu lloc web.<br \/>En aquest sentit, FUNDACI\u00d3 DE GRADUATS SOCIALS DE LES ILLES BALEARS garanteix el compliment de la normativa vigent en mat\u00e8ria de protecci\u00f3 de dades personals, reflectida en la Llei Org\u00e0nica 15\/1999 de 13 de desembre, de Protecci\u00f3 de Dades de Car\u00e0cter Personal i al Reial Decret 1720\/2007, de 21 desembre, pel qual s&#8217;aprova el Reglament de Desenvolupament de la LOPD.<br \/>L&#8217;\u00fas d&#8217;aquest web implica l&#8217;acceptaci\u00f3 d&#8217;aquesta pol\u00edtica de privacitat.<\/p>\n<p><strong class=\"subtitulo\">4.2. Recollida, finalitat i tractaments de dades<\/strong><br \/>FUNDACI\u00d3 DE GRADUATS SOCIALS DE LES ILLES BALEARS t\u00e9 el deure d&#8217;informar els usuaris del seu lloc web sobre la recollida de dades de car\u00e0cter personal que es poden dur-se a terme, b\u00e9 sigui mitjan\u00e7ant l&#8217;enviament de correu electr\u00f2nic o en omplir els formularis inclosos en el lloc web. En aquest sentit, FUNDACI\u00d3 DE GRADUATS SOCIALS DE LES ILLES BALEARS ser\u00e0 considerat com a responsable de les dades recaptades mitjan\u00e7ant els mitjans anteriorment descrits.<br \/>A la vegada FUNDACI\u00d3 DE GRADUATS SOCIALS DE LES ILLES BALEARS informa als usuaris que la finalitat del tractament de les dades recaptades contempla: l&#8217;atenci\u00f3 de sol\u00b7licituds realitzades pels usuaris, la inclusi\u00f3 en l&#8217;agenda de contactes, la prestaci\u00f3 de serveis i la gesti\u00f3 de la relaci\u00f3 comercial, aix\u00ed com la inscripci\u00f3 als cursos promocionats per la pr\u00f2pia Fundaci\u00f3.<br \/>Les operacions, gestions i procediments t\u00e8cnics que es realitzin de forma automatitzada o no automatitzada i que possibilitin la recollida, l&#8217;emmagatzematge, la modificaci\u00f3, la transfer\u00e8ncia i altres accions sobre dades de car\u00e0cter personal, tenen la consideraci\u00f3 de tractament de dades personals.<br \/>Totes les dades personals, que siguin recollides a trav\u00e9s del lloc web de FUNDACI\u00d3 DE GRADUATS SOCIALS DE LES ILLES BALEARS i, per tant, tengui la consideraci\u00f3 de tractament de dades de car\u00e0cter personal, seran incorporades al fitxer de GESTI\u00d3 FUNDACI\u00d3 declarat davant l&#8217;Ag\u00e8ncia Espanyola de Protecci\u00f3 de Dades per FUNDACI\u00d3 DE GRADUATS SOCIALS DE LES ILLES BALEARS.<\/p>\n<p><strong class=\"subtitulo\">4.3. Comunicaci\u00f3 d&#8217;informaci\u00f3 a tercers<\/strong><br \/>FUNDACI\u00d3 DE GRADUATS SOCIALS DE LES ILLES BALEARS informa als usuaris que les seves dades personals no seran cedides a terceres persones o organitzacions, amb l&#8217;excepci\u00f3 que la cessi\u00f3 de dades estigui emparada en una obligaci\u00f3 legal o quan la prestaci\u00f3 d&#8217;un servei impliqui la necessitat d&#8217;una relaci\u00f3 contractual amb un encarregat de tractament. En aquest darrer cas, nom\u00e9s es dur\u00e0 a terme la cessi\u00f3 de dades al tercer quan FUNDACI\u00d3 DE GRADUATS SOCIALS DE LES ILLES BALEARS disposi del consentiment expr\u00e9s de l&#8217;usuari.<\/p>\n<p><strong class=\"subtitulo\">4.4. Drets dels usuaris<\/strong><br \/>La Llei Org\u00e0nica 15\/1999, de 13 de desembre, de Protecci\u00f3 de Dades de Car\u00e0cter personal concedeix als interessats la possibilitat d&#8217;exercir una s\u00e8rie de drets relacionats amb el tractament de les seves dades personals.<br \/>En la mesura que les dades de l&#8217;usuari s\u00f3n objecte de tractament per part de FUNDACI\u00d3 DE GRADUATS SOCIALS DE LES ILLES BALEARS. Els usuaris podran exercir els drets d&#8217;acc\u00e9s, rectificaci\u00f3, cancel\u00b7laci\u00f3 i oposici\u00f3 d&#8217;acord amb el que preveu la normativa legal vigent en mat\u00e8ria de protecci\u00f3 de dades personals.<br \/>Per fer \u00fas de l&#8217;exercici d&#8217;aquests drets, l&#8217;usuari haur\u00e0 de dirigir-se mitjan\u00e7ant comunicaci\u00f3 escrita, aportant documentaci\u00f3 que acrediti la seva identitat (DNI, NIE o passaport), a la seg\u00fcent adre\u00e7a: FUNDACI\u00d3 DE GRADUATS SOCIALS DE LES ILLES BALEARS, Carrer Arag\u00f3, 221 A, 2n A, Codi postal: 07008, Ciutat: Palma de Mallorca, Prov\u00edncia: Illes Balears. La comunicaci\u00f3 ha de reflectir la seg\u00fcent informaci\u00f3: Nom i cognoms (llinatges) de l&#8217;usuari, la petici\u00f3 de sol\u00b7licitud, el domicili i les dades acreditatives. Tamb\u00e9 es podr\u00e0 realitzar el tr\u00e0mit a trav\u00e9s del correu electr\u00f2nic\u00a0<a class=\"email-antispam\" href=\"mailto:info@fundaciograduatssocials.es\" data-name=\"info\" data-domain=\"fundaciograduatssocials.es\">info@fundaciograduatssocials.es<\/a><br \/>L&#8217;exercici de drets haur\u00e0 de ser realitzat pel propi usuari. No obstant aix\u00f2, podran ser executats per una persona autoritzada com a representant legal de l&#8217;autoritzat. En aquest cas, s&#8217;haur\u00e0 d&#8217;aportar la documentaci\u00f3 que acrediti aquesta representaci\u00f3 de l&#8217;interessat.<br \/>Aix\u00ed mateix, FUNDACI\u00d3 DE GRADUATS SOCIALS DE LES ILLES BALEARS informa que d\u00f3na compliment a la Llei 34\/2002 d&#8217;11 de juliol, de Serveis de la Societat de la Informaci\u00f3 i el Comer\u00e7 Electr\u00f2nic i li sol\u00b7licitar\u00e0 el seu consentiment al tractament del seu correu electr\u00f2nic amb fins comercials en cada moment. de 11 de julio, de Servicios de la Sociedad de la Informaci\u00f3n y el Comercio Electr\u00f3nico y le solicitar\u00e1 su consentimiento al tratamiento de su correo electr\u00f3nico con fines comerciales en cada momento.<\/p>\n<p><strong class=\"titulo\">5. PROPIETAT INTEL\u00b7LECTUAL I INDUSTRIAL<\/strong><br \/>FUNDACI\u00d3 DE GRADUATS SOCIALS DE LES ILLES BALEARS per si o com a cession\u00e0ria, \u00e9s titular de tots els drets de propietat intel\u00b7lectual i industrial de la seva p\u00e0gina web, aix\u00ed com dels elements continguts en la mateixa (a t\u00edtol enunciatiu, imatges, so, \u00e0udio, v\u00eddeo, software o textos; marques o logotips, combinacions de colors, estructura i disseny, selecci\u00f3 de materials usats, programes d&#8217;ordinador necessaris per al seu funcionament, acc\u00e9s i \u00fas, etc.).<br \/>Tots els drets reservats. En virtut del que disposen els articles 8 i 32.1, par\u00e0graf segon, de la Llei de Propietat Intel\u00b7lectual, queden expressament prohibides la reproducci\u00f3, la distribuci\u00f3 i la comunicaci\u00f3 p\u00fablica, inclosa la seva modalitat de posada a disposici\u00f3, de la totalitat o part dels continguts d&#8217;aquesta p\u00e0gina web, amb fins comercials, en qualsevol suport i per qualsevol mitj\u00e0 t\u00e8cnic, sense l&#8217;autoritzaci\u00f3 de FUNDACI\u00d3 DE GRADUATS SOCIALS DE LES ILLES BALEARS. L&#8217;USUARI es compromet a respectar els drets de Propietat Intel\u00b7lectual i Industrial titularitat de FUNDACI\u00d3 DE GRADUATS SOCIALS DE LES ILLES BALEARS. Podr\u00e0 visualitzar els elements del portal i fins i tot imprimir-los, copiar-los i emmagatzemar-los al disc dur del seu ordinador o en qualsevol altre suport f\u00edsic sempre que sigui, \u00fanica i exclusivament, per al seu \u00fas personal i privat. L&#8217;USUARI haur\u00e0 d&#8217;abstenir-se de suprimir, alterar, eludir o manipular qualsevol dispositiu de protecci\u00f3 o sistema de seguretat que estigu\u00e9s instal\u00b7lat al les p\u00e0gines de FUNDACI\u00d3 DE GRADUATS SOCIALS DE LES ILLES BALEARS.<\/p>\n<p><strong class=\"titulo\">6. EXCLUSI\u00d3 DE GARANTIES I RESPONSABILITAT<\/strong><br \/>FUNDACI\u00d3 DE GRADUATS SOCIALS DE LES ILLES BALEARS no es fa responsable, en cap cas, dels danys i perjudicis de qualsevol naturalesa que poguessin ocasionar, a t\u00edtol enunciatiu: errors o omissions en els continguts, falta de disponibilitat del portal o la transmissi\u00f3 de virus o programes maliciosos o lesius en els continguts, a pesar d&#8217;haver adoptat totes les mesures tecnol\u00f2giques necess\u00e0ries per evitar-ho.<\/p>\n<p><strong class=\"titulo\">7. MODIFICACIONS<\/strong><br \/>FUNDACI\u00d3 DE GRADUATS SOCIALS DE LES ILLES BALEARS es reserva el dret d&#8217;efectuar sense previ av\u00eds les modificacions que consideri oportunes al seu portal, podent canviar, suprimir o afegir tant els continguts i serveis que es prestin a trav\u00e9s de la mateixa com la forma en la que aquests apareguin presentats o localitzats al seu portal.<\/p>\n<p><strong class=\"titulo\">8. ENLLA\u00c7OS<\/strong><br \/>En el cas que en\u00a0<a href=\"http:\/\/www.fundaciograduatssocials.es\/\" target=\"_blank\" rel=\"noopener\">www.fundaciograduatssocials.es<\/a>\u00a0es disposessin enlla\u00e7os o hipervincles cap a altres llocs d&#8217;Internet, FUNDACI\u00d3 DE GRADUATS SOCIALS DE LES ILLES BALEARS no exercir\u00e0 cap tipus de control sobre aquests llocs i continguts. En cap cas FUNDACI\u00d3 DE GRADUATS SOCIALS DE LES ILLES BALEARS assumir\u00e0 responsabilitat alguna pels continguts d&#8217;algun enlla\u00e7 pertanyent a un lloc web ali\u00e8, ni garantir\u00e0 la disponibilitat t\u00e8cnica, qualitat, fiabilitat, exactitud, amplitud, veracitat, validesa i constitucionalitat de qualsevol material o informaci\u00f3 continguda en cap d&#8217;aquests hipervincles o altres llocs d&#8217;Internet.<br \/>Igualment la inclusi\u00f3 d&#8217;aquestes connexions externes no implicar\u00e0 cap tipus d&#8217;associaci\u00f3, fusi\u00f3 o participaci\u00f3 amb les entitats connectades.<\/p>\n<p><strong class=\"titulo\">9. DRET D&#8217;EXCLUSI\u00d3<\/strong><br \/>FUNDACI\u00d3 DE GRADUATS SOCIALS DE LES ILLES BALEARS es reserva el dret a denegar o retirar l&#8217;acc\u00e9s al portal i\/o als serveis oferts sense necessitat de preav\u00eds, a inst\u00e0ncia pr\u00f2pia o d&#8217;un tercer, a aquells usuaris que incompleixin les presents Condicions Generals d&#8217;\u00das.<\/p>\n<p><strong class=\"titulo\">10. GENERALITATS<\/strong><br \/>FUNDACI\u00d3 DE GRADUATS SOCIALS DE LES ILLES BALEARS perseguir\u00e0 l&#8217;incompliment de les presents condicions aix\u00ed com qualsevol utilitzaci\u00f3 indeguda del seu portal exercint totes les accions civils i penals que li puguin correspondre en dret.<\/p>\n<p><strong class=\"titulo\">11. MODIFICACI\u00d3 DE LES PRESENTS CONDICIONS I DURADA<\/strong><br \/>FUNDACI\u00d3 DE GRADUATS SOCIALS DE LES ILLES BALEARS podr\u00e0 modificar en qualsevol moment les condicions aqu\u00ed determinades, sent degudament publicades com aqu\u00ed apareixen.<br \/>La vig\u00e8ncia de les citades condicions anir\u00e0 en funci\u00f3 de la seva exposici\u00f3 i estaran vigents fins que siguin modificades per unes altres, degudament publicades.<\/p>\n<p><strong class=\"titulo\">12. LEGISLACI\u00d3 APLICABLE I JURISDICCI\u00d3<\/strong><br \/>La relaci\u00f3 entre FUNDACI\u00d3 DE GRADUATS SOCIALS DE LES ILLES BALEARS i l&#8217;USUARI es regir\u00e0 per la normativa espanyola vigent i qualsevol controv\u00e8rsia se sotmetr\u00e0 als Jutjats i tribunals de la ciutat de Palma de Mallorca.<\/p>\n\t\t\t\t\t\t\t\t<\/div>\n\t\t\t\t<\/div>\n\t\t\t\t\t<\/div>\n\t\t\t\t<\/div>\n\t\t\t\t<\/div>\n\t\t","protected":false},"excerpt":{"rendered":"<p>Av\u00eds Legal i Pol\u00edtica de Privacitat 1. DADES IDENTIFICATIVESEn cumplimiento con el deber de informaci\u00f3n recogido en art\u00edculo 10 de la Ley 34\/2002, de 11 de julio, de Servicios de la Sociedad de la Informaci\u00f3n y del Comercio Electr\u00f3nico, a continuaci\u00f3n se reflejan los En compliment amb el deure d&#8217;informaci\u00f3 recollit en article 10 de [&hellip;]<\/p>\n","protected":false},"author":1,"featured_media":0,"parent":0,"menu_order":0,"comment_status":"closed","ping_status":"closed","template":"elementor_header_footer","meta":{"footnotes":""},"class_list":["post-3209","page","type-page","status-publish","hentry"],"_links":{"self":[{"href":"https:\/\/fundaciograduatssocials.com\/ca\/wp-json\/wp\/v2\/pages\/3209","targetHints":{"allow":["GET"]}}],"collection":[{"href":"https:\/\/fundaciograduatssocials.com\/ca\/wp-json\/wp\/v2\/pages"}],"about":[{"href":"https:\/\/fundaciograduatssocials.com\/ca\/wp-json\/wp\/v2\/types\/page"}],"author":[{"embeddable":true,"href":"https:\/\/fundaciograduatssocials.com\/ca\/wp-json\/wp\/v2\/users\/1"}],"replies":[{"embeddable":true,"href":"https:\/\/fundaciograduatssocials.com\/ca\/wp-json\/wp\/v2\/comments?post=3209"}],"version-history":[{"count":4,"href":"https:\/\/fundaciograduatssocials.com\/ca\/wp-json\/wp\/v2\/pages\/3209\/revisions"}],"predecessor-version":[{"id":3489,"href":"https:\/\/fundaciograduatssocials.com\/ca\/wp-json\/wp\/v2\/pages\/3209\/revisions\/3489"}],"wp:attachment":[{"href":"https:\/\/fundaciograduatssocials.com\/ca\/wp-json\/wp\/v2\/media?parent=3209"}],"curies":[{"name":"wp","href":"https:\/\/api.w.org\/{rel}","templated":true}]}}