{"id":3211,"date":"2025-05-28T01:27:57","date_gmt":"2025-05-28T01:27:57","guid":{"rendered":"https:\/\/fundaciograduatssocials.com\/contacte\/"},"modified":"2025-06-04T02:12:43","modified_gmt":"2025-06-04T02:12:43","slug":"contacte","status":"publish","type":"page","link":"https:\/\/fundaciograduatssocials.com\/ca\/contacte\/","title":{"rendered":"Contacte"},"content":{"rendered":"\t\t<div data-elementor-type=\"wp-page\" data-elementor-id=\"3211\" class=\"elementor elementor-3211 elementor-80\" data-elementor-post-type=\"page\">\n\t\t\t\t<div class=\"elementor-element elementor-element-ac7fdf0 e-flex e-con-boxed e-con e-parent\" data-id=\"ac7fdf0\" data-element_type=\"container\" data-settings=\"{&quot;background_background&quot;:&quot;classic&quot;}\">\n\t\t\t\t\t<div class=\"e-con-inner\">\n\t\t\t\t\t<\/div>\n\t\t\t\t<\/div>\n\t\t<div class=\"elementor-element elementor-element-74b6175 e-con-full e-flex e-con e-parent\" data-id=\"74b6175\" data-element_type=\"container\">\n\t\t\t\t<div class=\"elementor-element elementor-element-23b1ca3 elementor-widget elementor-widget-google_maps\" data-id=\"23b1ca3\" data-element_type=\"widget\" data-widget_type=\"google_maps.default\">\n\t\t\t\t<div class=\"elementor-widget-container\">\n\t\t\t\t\t\t\t<div class=\"elementor-custom-embed\">\n\t\t\t<iframe loading=\"lazy\"\n\t\t\t\t\tsrc=\"https:\/\/maps.google.com\/maps?q=Fundaci%C3%B3%20de%20Graduats%20Socials%20de%20les%20Illes%20Balears&#038;t=m&#038;z=17&#038;output=embed&#038;iwloc=near\"\n\t\t\t\t\ttitle=\"Fundaci\u00f3 de Graduats Socials de les Illes Balears\"\n\t\t\t\t\taria-label=\"Fundaci\u00f3 de Graduats Socials de les Illes Balears\"\n\t\t\t><\/iframe>\n\t\t<\/div>\n\t\t\t\t\t\t<\/div>\n\t\t\t\t<\/div>\n\t\t\t\t<\/div>\n\t\t<div class=\"elementor-element elementor-element-8ea1992 e-con-full e-flex e-con e-parent\" data-id=\"8ea1992\" data-element_type=\"container\">\n\t\t<div class=\"elementor-element elementor-element-b822cdf e-con-full e-flex e-con e-child\" data-id=\"b822cdf\" data-element_type=\"container\">\n\t\t<div class=\"elementor-element elementor-element-eaca6c1 e-con-full e-flex e-con e-child\" data-id=\"eaca6c1\" data-element_type=\"container\">\n\t\t\t\t<div class=\"elementor-element elementor-element-c2ba49d elementor-widget elementor-widget-image\" data-id=\"c2ba49d\" data-element_type=\"widget\" data-widget_type=\"image.default\">\n\t\t\t\t<div class=\"elementor-widget-container\">\n\t\t\t\t\t\t\t\t\t\t\t\t\t\t\t<img fetchpriority=\"high\" decoding=\"async\" width=\"800\" height=\"278\" src=\"https:\/\/fundaciograduatssocials.com\/wp-content\/uploads\/2025\/05\/Logo-Col@2x.png\" class=\"attachment-large size-large wp-image-2938\" alt=\"\" srcset=\"https:\/\/fundaciograduatssocials.com\/wp-content\/uploads\/2025\/05\/Logo-Col@2x.png 1025w, https:\/\/fundaciograduatssocials.com\/wp-content\/uploads\/2025\/05\/Logo-Col@2x-300x104.png 300w, https:\/\/fundaciograduatssocials.com\/wp-content\/uploads\/2025\/05\/Logo-Col@2x-768x267.png 768w\" sizes=\"(max-width: 800px) 100vw, 800px\" \/>\t\t\t\t\t\t\t\t\t\t\t\t\t\t\t<\/div>\n\t\t\t\t<\/div>\n\t\t\t\t<div class=\"elementor-element elementor-element-e3cc006 elementor-widget elementor-widget-text-editor\" data-id=\"e3cc006\" data-element_type=\"widget\" data-widget_type=\"text-editor.default\">\n\t\t\t\t<div class=\"elementor-widget-container\">\n\t\t\t\t\t\t\t\t\t<p>C\/Parellades, 12A baixos, 07003 Palma<br \/>Illes Balears (Espa\u00f1a)<br \/><strong>Tel.: +34 971 229 033<\/strong><\/p>\n<p><a class=\"email-antispam\" href=\"mailto:fundacion@fundaciograduatssocials.es\" data-name=\"fundacion\" data-domain=\"fundaciograduatssocials.es\">fundacion@fundaciograduatssocials.es<\/a><br \/><a class=\"web\" href=\"http:\/\/www.fundaciograduatssocials.es\/\">www.fundaciograduatssocials.es<\/a><\/p>\n\t\t\t\t\t\t\t\t<\/div>\n\t\t\t\t<\/div>\n\t\t\t\t<div class=\"elementor-element elementor-element-406813c elementor-position-left elementor-view-default elementor-mobile-position-top elementor-widget elementor-widget-icon-box\" data-id=\"406813c\" data-element_type=\"widget\" data-widget_type=\"icon-box.default\">\n\t\t\t\t<div class=\"elementor-widget-container\">\n\t\t\t\t\t\t\t<div class=\"elementor-icon-box-wrapper\">\n\n\t\t\t\t\t\t<div class=\"elementor-icon-box-icon\">\n\t\t\t\t<a href=\"tel:+34971229033\" class=\"elementor-icon\" tabindex=\"-1\" aria-label=\"Cridi&#039;ns al 971 229 033 &lt;br&gt;i demani cita pr\u00e8via\">\n\t\t\t\t<svg xmlns=\"http:\/\/www.w3.org\/2000\/svg\" id=\"Capa_2\" data-name=\"Capa 2\" viewBox=\"0 0 593.94 593.94\"><g id=\"Capa_1-2\" data-name=\"Capa 1\"><path d=\"M593.94,296.97c0,164.01-132.96,296.97-296.97,296.97S0,460.98,0,296.97,132.96,0,296.97,0s296.97,132.96,296.97,296.97ZM243.59,320.33c-7.73-8.84-23.5-28.71-27.57-39.19-1.43-3.68-.19-6.85,1.65-10.09,9.53-16.78,30.53-33.67,30.76-54.78.05-4.8-3.34-10.74-5.64-14.9-14.79-26.83-33.79-53.03-49.71-79.29-13.59-13.59-34.1,5.73-43.17,16.35-12.74,14.92-29.84,45.37-31.99,64.89-2.3,20.86,6.28,52.93,13.87,72.55,35.01,90.48,136.62,186.37,234.9,199.6,27.77,3.74,52.03-5.89,74.84-21.03,15.07-10,50.35-38.18,26.6-55.91-23.94-14.13-46.87-30.08-70.79-44.21-4.3-2.54-15.06-8.86-19.68-8.81-10.33.12-20.33,6.43-28.64,11.9-8.49,5.59-18.27,15.01-26.47,19.53-3.27,1.8-5.96,2.67-9.62,1.28-26.15-14.56-49.69-35.42-69.34-57.9Z\"><\/path><\/g><\/svg>\t\t\t\t<\/a>\n\t\t\t<\/div>\n\t\t\t\n\t\t\t\t\t\t<div class=\"elementor-icon-box-content\">\n\n\t\t\t\t\t\t\t\t\t<h3 class=\"elementor-icon-box-title\">\n\t\t\t\t\t\t<a href=\"tel:+34971229033\" >\n\t\t\t\t\t\t\tCridi'ns al 971 229 033 <br>i demani cita pr\u00e8via\t\t\t\t\t\t<\/a>\n\t\t\t\t\t<\/h3>\n\t\t\t\t\n\t\t\t\t\n\t\t\t<\/div>\n\t\t\t\n\t\t<\/div>\n\t\t\t\t\t\t<\/div>\n\t\t\t\t<\/div>\n\t\t\t\t<\/div>\n\t\t\t\t<\/div>\n\t\t<div class=\"elementor-element elementor-element-e74837a e-con-full e-flex e-con e-child\" data-id=\"e74837a\" data-element_type=\"container\" data-settings=\"{&quot;background_background&quot;:&quot;classic&quot;}\">\n\t\t\t\t<div class=\"elementor-element elementor-element-3417a01 elementor-widget elementor-widget-heading\" data-id=\"3417a01\" data-element_type=\"widget\" data-widget_type=\"heading.default\">\n\t\t\t\t<div class=\"elementor-widget-container\">\n\t\t\t\t\t<h2 class=\"elementor-heading-title elementor-size-default\">Contacti amb noltros<\/h2>\t\t\t\t<\/div>\n\t\t\t\t<\/div>\n\t\t\t\t<div class=\"elementor-element elementor-element-f5ae44c elementor-widget elementor-widget-text-editor\" data-id=\"f5ae44c\" data-element_type=\"widget\" data-widget_type=\"text-editor.default\">\n\t\t\t\t<div class=\"elementor-widget-container\">\n\t\t\t\t\t\t\t\t\t<p>Si vol rebre m\u00e9s informaci\u00f3, per favor completi el seg\u00fcent formulari:<\/p>\n\t\t\t\t\t\t\t\t<\/div>\n\t\t\t\t<\/div>\n\t\t\t\t<div class=\"elementor-element elementor-element-51fdb42 elementor-button-align-end elementor-widget elementor-widget-form\" data-id=\"51fdb42\" data-element_type=\"widget\" data-settings=\"{&quot;step_next_label&quot;:&quot;Seguent&quot;,&quot;step_previous_label&quot;:&quot;Anterior&quot;,&quot;step_type&quot;:&quot;number_text&quot;,&quot;step_icon_shape&quot;:&quot;circle&quot;}\" data-widget_type=\"form.default\">\n\t\t\t\t<div class=\"elementor-widget-container\">\n\t\t\t\t\t\t\t<form class=\"elementor-form\" method=\"post\" name=\"Nou formulari\" aria-label=\"Nou formulari\">\n\t\t\t<input type=\"hidden\" name=\"post_id\" value=\"3211\"\/>\n\t\t\t<input type=\"hidden\" name=\"form_id\" value=\"51fdb42\"\/>\n\t\t\t<input type=\"hidden\" name=\"referer_title\" value=\"Contacte\" \/>\n\n\t\t\t\t\t\t\t<input type=\"hidden\" name=\"queried_id\" value=\"3211\"\/>\n\t\t\t\n\t\t\t<div class=\"elementor-form-fields-wrapper elementor-labels-above\">\n\t\t\t\t\t\t\t\t<div class=\"elementor-field-type-text elementor-field-group elementor-column elementor-field-group-name elementor-col-100\">\n\t\t\t\t\t\t\t\t\t\t\t\t<label for=\"form-field-name\" class=\"elementor-field-label\">\n\t\t\t\t\t\t\t\tNom\t\t\t\t\t\t\t<\/label>\n\t\t\t\t\t\t\t\t\t\t\t\t\t\t<input size=\"1\" type=\"text\" name=\"form_fields[name]\" id=\"form-field-name\" class=\"elementor-field elementor-size-sm  elementor-field-textual\" placeholder=\"Nom\">\n\t\t\t\t\t\t\t\t\t\t\t<\/div>\n\t\t\t\t\t\t\t\t<div class=\"elementor-field-type-email elementor-field-group elementor-column elementor-field-group-email elementor-col-100 elementor-field-required\">\n\t\t\t\t\t\t\t\t\t\t\t\t<label for=\"form-field-email\" class=\"elementor-field-label\">\n\t\t\t\t\t\t\t\tCorreu electr\u00f2nic\t\t\t\t\t\t\t<\/label>\n\t\t\t\t\t\t\t\t\t\t\t\t\t\t<input size=\"1\" type=\"email\" name=\"form_fields[email]\" id=\"form-field-email\" class=\"elementor-field elementor-size-sm  elementor-field-textual\" placeholder=\"correu electr\u00f2nic\" required=\"required\">\n\t\t\t\t\t\t\t\t\t\t\t<\/div>\n\t\t\t\t\t\t\t\t<div class=\"elementor-field-type-tel elementor-field-group elementor-column elementor-field-group-field_fe11b62 elementor-col-100 elementor-field-required\">\n\t\t\t\t\t\t\t\t\t\t\t\t<label for=\"form-field-field_fe11b62\" class=\"elementor-field-label\">\n\t\t\t\t\t\t\t\tTel\u00e8fon\t\t\t\t\t\t\t<\/label>\n\t\t\t\t\t\t\t\t<input size=\"1\" type=\"tel\" name=\"form_fields[field_fe11b62]\" id=\"form-field-field_fe11b62\" class=\"elementor-field elementor-size-sm  elementor-field-textual\" placeholder=\"Tel\u00e8fon\" required=\"required\" pattern=\"[0-9()#&amp;+*-=.]+\" title=\"Only numbers and phone characters (#, -, *, etc) are accepted.\">\n\n\t\t\t\t\t\t<\/div>\n\t\t\t\t\t\t\t\t<div class=\"elementor-field-type-textarea elementor-field-group elementor-column elementor-field-group-message elementor-col-100\">\n\t\t\t\t\t\t\t\t\t\t\t\t<label for=\"form-field-message\" class=\"elementor-field-label\">\n\t\t\t\t\t\t\t\tMissatge\t\t\t\t\t\t\t<\/label>\n\t\t\t\t\t\t<textarea class=\"elementor-field-textual elementor-field  elementor-size-sm\" name=\"form_fields[message]\" id=\"form-field-message\" rows=\"4\" placeholder=\"Missatge\"><\/textarea>\t\t\t\t<\/div>\n\t\t\t\t\t\t\t\t<div class=\"elementor-field-type-recaptcha elementor-field-group elementor-column elementor-field-group-field_2d66aa9 elementor-col-100\">\n\t\t\t\t\t<div class=\"elementor-field\" id=\"form-field-field_2d66aa9\"><\/div>\t\t\t\t<\/div>\n\t\t\t\t\t\t\t\t<div class=\"elementor-field-group elementor-column elementor-field-type-submit elementor-col-100 e-form__buttons\">\n\t\t\t\t\t<button class=\"elementor-button elementor-size-md\" type=\"submit\">\n\t\t\t\t\t\t<span class=\"elementor-button-content-wrapper\">\n\t\t\t\t\t\t\t\t\t\t\t\t\t\t\t\t\t\t\t\t\t\t<span class=\"elementor-button-text\">Contactar<\/span>\n\t\t\t\t\t\t\t\t\t\t\t\t\t<\/span>\n\t\t\t\t\t<\/button>\n\t\t\t\t<\/div>\n\t\t\t<\/div>\n\t\t<\/form>\n\t\t\t\t\t\t<\/div>\n\t\t\t\t<\/div>\n\t\t\t\t<\/div>\n\t\t\t\t<\/div>\n\t\t\t\t<\/div>\n\t\t","protected":false},"excerpt":{"rendered":"<p>C\/Parellades, 12A baixos, 07003 PalmaIlles Balears (Espa\u00f1a)Tel.: +34 971 229 033 fundacion@fundaciograduatssocials.eswww.fundaciograduatssocials.es Cridi&#8217;ns al 971 229 033 i demani cita pr\u00e8via Contacti amb noltros Si vol rebre m\u00e9s informaci\u00f3, per favor completi el seg\u00fcent formulari:<\/p>\n","protected":false},"author":1,"featured_media":0,"parent":0,"menu_order":0,"comment_status":"closed","ping_status":"closed","template":"elementor_header_footer","meta":{"footnotes":""},"class_list":["post-3211","page","type-page","status-publish","hentry"],"_links":{"self":[{"href":"https:\/\/fundaciograduatssocials.com\/ca\/wp-json\/wp\/v2\/pages\/3211","targetHints":{"allow":["GET"]}}],"collection":[{"href":"https:\/\/fundaciograduatssocials.com\/ca\/wp-json\/wp\/v2\/pages"}],"about":[{"href":"https:\/\/fundaciograduatssocials.com\/ca\/wp-json\/wp\/v2\/types\/page"}],"author":[{"embeddable":true,"href":"https:\/\/fundaciograduatssocials.com\/ca\/wp-json\/wp\/v2\/users\/1"}],"replies":[{"embeddable":true,"href":"https:\/\/fundaciograduatssocials.com\/ca\/wp-json\/wp\/v2\/comments?post=3211"}],"version-history":[{"count":7,"href":"https:\/\/fundaciograduatssocials.com\/ca\/wp-json\/wp\/v2\/pages\/3211\/revisions"}],"predecessor-version":[{"id":3539,"href":"https:\/\/fundaciograduatssocials.com\/ca\/wp-json\/wp\/v2\/pages\/3211\/revisions\/3539"}],"wp:attachment":[{"href":"https:\/\/fundaciograduatssocials.com\/ca\/wp-json\/wp\/v2\/media?parent=3211"}],"curies":[{"name":"wp","href":"https:\/\/api.w.org\/{rel}","templated":true}]}}